{"id":200,"date":"2024-04-16T17:51:26","date_gmt":"2024-04-16T17:51:26","guid":{"rendered":"https:\/\/www.namasaz-celakovice.cz\/?page_id=200"},"modified":"2026-01-13T09:07:59","modified_gmt":"2026-01-13T09:07:59","slug":"cenik-platny-od-1-3-2024","status":"publish","type":"page","link":"https:\/\/www.namasaz-celakovice.cz\/?page_id=200","title":{"rendered":"Cen\u00edk"},"content":{"rendered":"<p style=\"text-align: center;\">30 minut : 600 K\u010d<br \/>\n45 minut : 850 K\u010d<br \/>\n60 minut : 1.100 K\u010d<br \/>\n90 minut : 1.600 K\u010d<br \/>\n120 minut : 2.100 K\u010d<br \/>\n150 minut : 2.650 K\u010d<\/p>\n<p style=\"text-align: center;\">30 min lymfatick\u00e1 mas\u00e1\u017e : 600 K\u010d<br \/>\n60 min lymfatick\u00e1 mas\u00e1\u017e : 1.100 K\u010d<br \/>\n90 min lymfatick\u00e1 mas\u00e1\u017e : 1.600 K\u010d<\/p>\n<p style=\"text-align: center;\">Celot\u011blov\u00e1 lymfatick\u00e1 mas\u00e1\u017e (120-180min) : 2.100-3.200,- (krk, ruce, nohy bedra, z\u00e1da, hrudn\u00edk, obli\u010dej)<\/p>\n<p style=\"text-align: center;\">Mas\u00e1\u017ee v\u017edy p\u0159izp\u016fsobuji aktu\u00e1ln\u00edmu stavu a p\u0159\u00e1n\u00ed z\u00e1kazn\u00edka. v\u0161e je na vz\u00e1jemn\u00e9 domluv\u011b.<\/p>\n<p style=\"text-align: center;\"><strong>Cen\u00edk je platn\u00fd od 1.1.2026<\/strong><\/p>\n","protected":false},"excerpt":{"rendered":"<p>30 minut : 600 K\u010d 45 minut : 850 K\u010d 60 minut : 1.100 K\u010d 90 minut : 1.600 K\u010d 120 minut : 2.100 K\u010d 150 minut : 2.650 K\u010d &hellip; <\/p>\n","protected":false},"author":1,"featured_media":0,"parent":0,"menu_order":0,"comment_status":"closed","ping_status":"closed","template":"","meta":{"footnotes":""},"class_list":["post-200","page","type-page","status-publish","hentry"],"_links":{"self":[{"href":"https:\/\/www.namasaz-celakovice.cz\/index.php?rest_route=\/wp\/v2\/pages\/200","targetHints":{"allow":["GET"]}}],"collection":[{"href":"https:\/\/www.namasaz-celakovice.cz\/index.php?rest_route=\/wp\/v2\/pages"}],"about":[{"href":"https:\/\/www.namasaz-celakovice.cz\/index.php?rest_route=\/wp\/v2\/types\/page"}],"author":[{"embeddable":true,"href":"https:\/\/www.namasaz-celakovice.cz\/index.php?rest_route=\/wp\/v2\/users\/1"}],"replies":[{"embeddable":true,"href":"https:\/\/www.namasaz-celakovice.cz\/index.php?rest_route=%2Fwp%2Fv2%2Fcomments&post=200"}],"version-history":[{"count":4,"href":"https:\/\/www.namasaz-celakovice.cz\/index.php?rest_route=\/wp\/v2\/pages\/200\/revisions"}],"predecessor-version":[{"id":247,"href":"https:\/\/www.namasaz-celakovice.cz\/index.php?rest_route=\/wp\/v2\/pages\/200\/revisions\/247"}],"wp:attachment":[{"href":"https:\/\/www.namasaz-celakovice.cz\/index.php?rest_route=%2Fwp%2Fv2%2Fmedia&parent=200"}],"curies":[{"name":"wp","href":"https:\/\/api.w.org\/{rel}","templated":true}]}}